{"id":106,"date":"2011-02-21T19:08:16","date_gmt":"2011-02-21T17:08:16","guid":{"rendered":"http:\/\/www.kaikupuro.fi\/SariSarkomaa\/?page_id=106"},"modified":"2026-03-26T13:04:42","modified_gmt":"2026-03-26T11:04:42","slug":"ota-yhteytta-anna-palautetta","status":"publish","type":"page","link":"https:\/\/www.sarisarkomaa.fi\/?page_id=106","title":{"rendered":"Ota yhteytt\u00e4, anna palautetta tai kysy Sarilta!"},"content":{"rendered":"<div id=\"wrapper\">\n<div id=\"main\">\n<div id=\"container\">\n<div id=\"content\" role=\"main\">\n<div id=\"post-79\">\n<p>Kirjoitan kerran kuussa politiikan kuulumisista. Voit laittaa minulle terveisi\u00e4 tai tilata eduskuntakirjeeni laittamalla minulle osoitteesi s\u00e4hk\u00f6postitse sari.sarkomaa(at)eduskunta.fi<\/p>\n<\/div>\n<\/div>\n<\/div>\n<\/div>\n<\/div>\n<p><strong>Sari Sarkomaa<\/strong><br \/>\nKansanedustaja<\/p>\n<p>Kansallinen Kokoomus<br \/>\n00102 EDUSKUNTA<br \/>\nsari.sarkomaa@eduskunta.fi<br \/>\ngsm. 050 511 3033<\/p>\n<p><strong>Miro Soivio<\/strong><br \/>\nEduskunta-avustaja<br \/>\nmiro.soivio@eduskunta.fi<\/p>\n<p>puh. 050 4688014<\/p>\n","protected":false},"excerpt":{"rendered":"<p>Kirjoitan kerran kuussa politiikan kuulumisista. Voit laittaa minulle terveisi\u00e4 tai tilata eduskuntakirjeeni laittamalla minulle osoitteesi s\u00e4hk\u00f6postitse sari.sarkomaa(at)eduskunta.fi Sari Sarkomaa Kansanedustaja Kansallinen Kokoomus 00102 EDUSKUNTA sari.sarkomaa@eduskunta.fi gsm. 050 511 3033 Miro Soivio Eduskunta-avustaja miro.soivio@eduskunta.fi puh. 050 4688014<\/p>\n","protected":false},"author":1,"featured_media":0,"parent":2,"menu_order":0,"comment_status":"closed","ping_status":"closed","template":"","meta":[],"_links":{"self":[{"href":"https:\/\/www.sarisarkomaa.fi\/index.php?rest_route=\/wp\/v2\/pages\/106"}],"collection":[{"href":"https:\/\/www.sarisarkomaa.fi\/index.php?rest_route=\/wp\/v2\/pages"}],"about":[{"href":"https:\/\/www.sarisarkomaa.fi\/index.php?rest_route=\/wp\/v2\/types\/page"}],"author":[{"embeddable":true,"href":"https:\/\/www.sarisarkomaa.fi\/index.php?rest_route=\/wp\/v2\/users\/1"}],"replies":[{"embeddable":true,"href":"https:\/\/www.sarisarkomaa.fi\/index.php?rest_route=%2Fwp%2Fv2%2Fcomments&post=106"}],"version-history":[{"count":39,"href":"https:\/\/www.sarisarkomaa.fi\/index.php?rest_route=\/wp\/v2\/pages\/106\/revisions"}],"predecessor-version":[{"id":13164,"href":"https:\/\/www.sarisarkomaa.fi\/index.php?rest_route=\/wp\/v2\/pages\/106\/revisions\/13164"}],"up":[{"embeddable":true,"href":"https:\/\/www.sarisarkomaa.fi\/index.php?rest_route=\/wp\/v2\/pages\/2"}],"wp:attachment":[{"href":"https:\/\/www.sarisarkomaa.fi\/index.php?rest_route=%2Fwp%2Fv2%2Fmedia&parent=106"}],"curies":[{"name":"wp","href":"https:\/\/api.w.org\/{rel}","templated":true}]}}