{"id":110,"date":"2011-02-21T19:23:36","date_gmt":"2011-02-21T17:23:36","guid":{"rendered":"http:\/\/www.kaikupuro.fi\/SariSarkomaa\/?page_id=110"},"modified":"2023-11-21T16:41:28","modified_gmt":"2023-11-21T14:41:28","slug":"sarin-tarina","status":"publish","type":"page","link":"https:\/\/www.sarisarkomaa.fi\/?page_id=110","title":{"rendered":"Sarin tarina"},"content":{"rendered":"<h4>Kansanedustaja<\/h4>\n<p>Ty\u00f6 on aina ollut minulle t\u00e4rke\u00e4\u00e4 ja suhtautuminen siihen intohimoista. Olen onnekas, kun olen saanut kansanedustajana tehd\u00e4 ty\u00f6t\u00e4, jonka koen\u00a0t\u00e4rke\u00e4ksi.\u00a0Innostun helposti uusista asioista. Vasta el\u00e4m\u00e4nkokemus on tuonut viisautta ja kyky\u00e4 antaa enemm\u00e4n tilaa perheelleni ja muulle el\u00e4m\u00e4lle. Olen varmasti n\u00e4in my\u00f6s parempi p\u00e4\u00e4t\u00f6ksentekij\u00e4.<\/p>\n<p>Olen joskus kuullut jonkun sanovan, ett\u00e4 ihminen on onnellinen silloin, kun t\u00f6ihin on mukava menn\u00e4 ja kun t\u00f6ist\u00e4 palaa mielell\u00e4\u00e4n kotiin. Oli sanoja kuka tahansa, niin oikeaan osui.<\/p>\n<p>Olen saanut kansanedustajana tehd\u00e4 paljon ja olla hyvin monipuolisesti erilaisissa vastuullisissa teht\u00e4viss\u00e4. Olen ollut vahvasti vaikuttamassa kokoomuksen ja Suomen politiikan sis\u00e4lt\u00f6\u00f6n. Olen toiminut Kokoomuksen puoluejohdossa niin varapuheenjohtajana kuin puoluevaltuuston puheenjohtajanakin sek\u00e4 ministerin\u00e4. Opetusministerin\u00e4 t\u00e4rkeimp\u00e4n\u00e4 saavutuksena pid\u00e4n Aalto yliopiston perustamista. Olen toiminut my\u00f6s eduskuntaryhm\u00e4mme varapuheenjohtajana.<\/p>\n<p>Kuluvalla eduskuntakaudella p\u00e4\u00e4valiokuntani on valtiovarainvaliokunta, jossa k\u00e4sitell\u00e4\u00e4n mm valtion talousarvio. Toimin my\u00f6s ulkoasiainvaliokunnassa. Olen Kelan valtuutettujen varapuheenjohtaja.<\/p>\n<p>Osallistuin viime kuntavaaleihin tauon j\u00e4lkeen. Sain vaaleissa helsinkil\u00e4isilt\u00e4 vahvan tuen. Toimin Helsingin kaupunginvaltuutettuna ja kaupunginhallituksen j\u00e4senen\u00e4. Olen my\u00f6s Helsingin teatteris\u00e4\u00e4ti\u00f6n hallituksen j\u00e4sen.<\/p>\n<p><strong>Perhe ja koti<\/strong><\/p>\n<p>Asun Munkkiniemess\u00e4, jonka parhaita puolia ovat sujuvat joukkoliikenneyhteydet ja luonnon l\u00e4heisyys. Olen onnellisesti naimisissa Kim Ruokosen kanssa. Kolmen nuoren \u00e4itin\u00e4 olen vahvasti kiinni arjessa.<\/p>\n<p>Tutustuessani aviomieheeni sain sen my\u00f6t\u00e4 my\u00f6s totutella purjehtimiseen. Tulin aikoinaan helposti pahoinvoivaksi lyhyell\u00e4 automatkallakin. Nykyisin en tied\u00e4 mit\u00e4\u00e4n parempaa kuin purjehtiminen kes\u00e4lomalla. Mieheni Kimin vanhempien l\u00e4hes 40 vuotta sitten hankkima purjevene Piraia on kuin toinen kotimme.\u00a0Merellinen luonto on aina yht\u00e4 hieno el\u00e4mys. Olen intohimoinen It\u00e4meren suojelija.<\/p>\n<p>Olen aina ollut valmis ottamaan vastuuta ja tekem\u00e4\u00e4n ty\u00f6t\u00e4 erilaisten ihmisten kanssa. Uskon, ett\u00e4 se on ainakin osin seurausta siit\u00e4, ett\u00e4 synnyin nelj\u00e4n lapsen perheeseen esikoisena.\u00a0Politiikka on ennen kaikkea joukkuepeli\u00e4, jossa tarvitaan kyky\u00e4 sovittaa yhteen erilaisia n\u00e4kemyksi\u00e4, mutta my\u00f6s tinkim\u00e4t\u00f6nt\u00e4 tahtoa taistella t\u00e4rkeiksi kokemiensa asioiden puolesta.<\/p>\n<p>Vanhemmillani oli aina muiden t\u00f6iden ohessa omaa yritystoimintaa. Kotona kasvoin yritteli\u00e4isyyteen ja opin arvostamaan ahkeruutta sek\u00e4 kaikkea ty\u00f6t\u00e4. Is\u00e4ni toimi energiatekniikan professorina ja yliopistomaailma sek\u00e4 tiede olivat osa perheen arkea. Suvussani on my\u00f6s paljon opettajia ja opettajuus on asia, jota olen jo lapsena oppinut kunnioittamaan. \u00c4idilt\u00e4ni opin ekologisen ajatusmaailman, rakkauden luontoon ja arkiliikunnan. \u00c4itini kierr\u00e4tti aina tavaroita ja k\u00e4veli tai py\u00f6r\u00e4ili aina kun se oli mahdollista. Niin teimme my\u00f6s me lapset. Liikunta on minulle ja perheelleni t\u00e4rkein harrastus. Juokseminen ja liikkuminen luonnossa on lempiharrastukseni. Lukeminen ja leipominen ovat minulle arjen luksusta. Ty\u00f6matkalla nelosen ratikassa on aamun paras hetki, kun ehdin lukea kirjaa vaikkapa vain pari sivua. Nykyisin k\u00e4velen usein t\u00f6ihin ja olen hurahtanut \u00e4\u00e4nikirjoihin.<\/p>\n<h4>Kipin\u00e4 politiikkaan<\/h4>\n<p>Lukion j\u00e4lkeen valmistuin ensin Helsingin IV-Terveydenhuolto-oppilaitoksesta\u00a0r\u00f6ntgenhoitajaksi. Terveydenhuollon maisterin\u00a0tutkinnon\u00a0suoritin Helsingin yliopistossa l\u00e4\u00e4ketieteellisess\u00e4 tiedekunnassa. Rahoitin yliopisto-opintoni tekem\u00e4ll\u00e4 r\u00f6ntgenhoitajan sijaisuuksia ja sairaanhoitajana y\u00f6vuoroja vanhainkodissa. Ty\u00f6skentelin opiskeluaikana hoitajana sek\u00e4 Suomessa ett\u00e4 Ruotsissa.<\/p>\n<p>Kipin\u00e4 politiikkaan syttyi, kun opiskelin vuoden Skotlannissa Edinburghin yliopistossa. Palattuani Suomeen l\u00e4hdin mukaan opiskelijapolitiikkaan ja liityin Kokoomusopiskelijoihin.\u00a0My\u00f6hemmin toimin kaksi vuotta Kokoomusopiskelijoiden ensimm\u00e4isen\u00e4 naispuheenjohtajana. Yliopistosta valmistumisen j\u00e4lkeen aloitin ty\u00f6t poliittisena asiantuntijana. Ty\u00f6skentely kokoomuksessa poliittisena avustajana Sauli Niinist\u00f6n puheenjohtajakauden aikana antoi pohjan vahvalle osaamiselle politiikan eri osa-alueilta ja\u00a0t\u00e4rke\u00e4n opin tehd\u00e4 joka p\u00e4iv\u00e4 tinkim\u00e4tt\u00f6m\u00e4sti parhaansa ihmisten hyv\u00e4n arjen ja tasapainoisen Suomen talouden eteen. Ty\u00f6el\u00e4m\u00e4n tasa-arvo on minulle t\u00e4rke\u00e4 arvo.<\/p>\n<p>Odottaessani esikoistani l\u00e4hdin eduskuntavaaliehdokkaaksi ja tulin valittua ensikertalaisena eduskuntaan. Toimin silloin Helsingin ymp\u00e4rist\u00f6lautakunnan puheenjohtajana.<\/p>\n<p>Paras perint\u00f6 lapsillemme on puhdas l\u00e4hiluonto ja It\u00e4meri sek\u00e4 kest\u00e4v\u00e4 talous. On ahnetta ja vastuutonta kaataa velkavuori lastemme harteille.<\/p>\n<p>Ajattelen, ett\u00e4 velvollisuutemme on j\u00e4tt\u00e4\u00e4 Helsinki, Suomi ja maapallo tuleville sukupolville sellaisessa kunnossa, ett\u00e4 he voivat olla siit\u00e4 ylpeit\u00e4.<\/p>\n<p><em>Sari Sarkomaa<\/em><\/p>\n","protected":false},"excerpt":{"rendered":"<p>Kansanedustaja Ty\u00f6 on aina ollut minulle t\u00e4rke\u00e4\u00e4 ja suhtautuminen siihen intohimoista. Olen onnekas, kun olen saanut kansanedustajana tehd\u00e4 ty\u00f6t\u00e4, jonka koen\u00a0t\u00e4rke\u00e4ksi.\u00a0Innostun helposti uusista asioista. Vasta el\u00e4m\u00e4nkokemus on tuonut viisautta ja kyky\u00e4 antaa enemm\u00e4n tilaa perheelleni ja muulle el\u00e4m\u00e4lle. Olen varmasti n\u00e4in my\u00f6s parempi p\u00e4\u00e4t\u00f6ksentekij\u00e4. Olen joskus kuullut jonkun sanovan, ett\u00e4 ihminen on onnellinen silloin, kun <a href=\"https:\/\/www.sarisarkomaa.fi\/?page_id=110\" class=\"more-link\">...jatka lukemista<span class=\"screen-reader-text\"> \"Sarin tarina\"<\/span><\/a><\/p>\n","protected":false},"author":1,"featured_media":7513,"parent":0,"menu_order":0,"comment_status":"closed","ping_status":"closed","template":"","meta":[],"_links":{"self":[{"href":"https:\/\/www.sarisarkomaa.fi\/index.php?rest_route=\/wp\/v2\/pages\/110"}],"collection":[{"href":"https:\/\/www.sarisarkomaa.fi\/index.php?rest_route=\/wp\/v2\/pages"}],"about":[{"href":"https:\/\/www.sarisarkomaa.fi\/index.php?rest_route=\/wp\/v2\/types\/page"}],"author":[{"embeddable":true,"href":"https:\/\/www.sarisarkomaa.fi\/index.php?rest_route=\/wp\/v2\/users\/1"}],"replies":[{"embeddable":true,"href":"https:\/\/www.sarisarkomaa.fi\/index.php?rest_route=%2Fwp%2Fv2%2Fcomments&post=110"}],"version-history":[{"count":17,"href":"https:\/\/www.sarisarkomaa.fi\/index.php?rest_route=\/wp\/v2\/pages\/110\/revisions"}],"predecessor-version":[{"id":12295,"href":"https:\/\/www.sarisarkomaa.fi\/index.php?rest_route=\/wp\/v2\/pages\/110\/revisions\/12295"}],"wp:featuredmedia":[{"embeddable":true,"href":"https:\/\/www.sarisarkomaa.fi\/index.php?rest_route=\/wp\/v2\/media\/7513"}],"wp:attachment":[{"href":"https:\/\/www.sarisarkomaa.fi\/index.php?rest_route=%2Fwp%2Fv2%2Fmedia&parent=110"}],"curies":[{"name":"wp","href":"https:\/\/api.w.org\/{rel}","templated":true}]}}