{"id":11759,"date":"2022-12-22T21:48:37","date_gmt":"2022-12-22T19:48:37","guid":{"rendered":"https:\/\/www.sarisarkomaa.fi\/?page_id=11759"},"modified":"2023-01-10T22:59:30","modified_gmt":"2023-01-10T20:59:30","slug":"tue-vaalikampanjaani","status":"publish","type":"page","link":"https:\/\/www.sarisarkomaa.fi\/?page_id=11759","title":{"rendered":"Tue vaalikampanjaani"},"content":{"rendered":"\n<p>Vaalit ovat t\u00e4rke\u00e4 osa kansalaisyhteiskunnan toimintaa. \u00c4\u00e4nest\u00e4minen on t\u00e4rkein yksitt\u00e4inen teko.<\/p>\n\n\n\n<p>Vaalien tekeminen vaatii kuitenkin my\u00f6s rahaa. Olen motivoinut jatkamaan ty\u00f6t\u00e4ni helsinkil\u00e4isten kansanedustajana ja arvostan, jos voit tukea vaalikampanjaani. Pienikin summa on t\u00e4rke\u00e4.<\/p>\n\n\n\n<p>Voit tukea vaalikampanjaani oheisen lahjoituspalvelun kautta: <\/p>\n\n\n\n<div class=\"wp-container-1 wp-block-buttons\">\n<div class=\"wp-block-button\"><a class=\"wp-block-button__link has-background\" href=\"https:\/\/donation.securycast.com\/kokoomus-eduskuntavaalit?aid=1105\" style=\"background-color:#100b40\" target=\"_blank\" rel=\"noreferrer noopener\">Lahjoituspalveluun<\/a><\/div>\n<\/div>\n\n\n\n<p><\/p>\n\n\n\n<p>Vaalikampaanjaan Sarin tukiyhdistyksen tilille voit lahjoittaa my\u00f6s suoraan k\u00e4ytt\u00e4m\u00e4ll\u00e4 tilinumeroa OP FI58 57800720510234<\/p>\n\n\n\n<p>Ilmoitan vaalirahoitusilmoituksessa kaikki lahjoitukset, mutta ilmoitukseen on lain mukaan erikseen merkitt\u00e4v\u00e4 lahjoituksen antaja, jos tukijan antaman tuen arvo on v\u00e4hint\u00e4\u00e4n 1500 euroa. Lis\u00e4ksi samalta tutkijalta saa ottaa vastaan korkeintaan 6000 euroa.<\/p>\n\n\n\n<p>Lahjoitukset k\u00e4ytet\u00e4\u00e4n kokonaisuudessaan vaalikampanjaani.<\/p>\n\n\n\n<p>L\u00e4mmin kiitos tuestasi.<\/p>\n","protected":false},"excerpt":{"rendered":"<p>Vaalit ovat t\u00e4rke\u00e4 osa kansalaisyhteiskunnan toimintaa. \u00c4\u00e4nest\u00e4minen on t\u00e4rkein yksitt\u00e4inen teko. Vaalien tekeminen vaatii kuitenkin my\u00f6s rahaa. Olen motivoinut jatkamaan ty\u00f6t\u00e4ni helsinkil\u00e4isten kansanedustajana ja arvostan, jos voit tukea vaalikampanjaani. Pienikin summa on t\u00e4rke\u00e4. Voit tukea vaalikampanjaani oheisen lahjoituspalvelun kautta: Vaalikampaanjaan Sarin tukiyhdistyksen tilille voit lahjoittaa my\u00f6s suoraan k\u00e4ytt\u00e4m\u00e4ll\u00e4 tilinumeroa OP FI58 57800720510234 Ilmoitan vaalirahoitusilmoituksessa kaikki <a href=\"https:\/\/www.sarisarkomaa.fi\/?page_id=11759\" class=\"more-link\">...jatka lukemista<span class=\"screen-reader-text\"> \"Tue vaalikampanjaani\"<\/span><\/a><\/p>\n","protected":false},"author":1,"featured_media":0,"parent":0,"menu_order":0,"comment_status":"closed","ping_status":"closed","template":"","meta":[],"_links":{"self":[{"href":"https:\/\/www.sarisarkomaa.fi\/index.php?rest_route=\/wp\/v2\/pages\/11759"}],"collection":[{"href":"https:\/\/www.sarisarkomaa.fi\/index.php?rest_route=\/wp\/v2\/pages"}],"about":[{"href":"https:\/\/www.sarisarkomaa.fi\/index.php?rest_route=\/wp\/v2\/types\/page"}],"author":[{"embeddable":true,"href":"https:\/\/www.sarisarkomaa.fi\/index.php?rest_route=\/wp\/v2\/users\/1"}],"replies":[{"embeddable":true,"href":"https:\/\/www.sarisarkomaa.fi\/index.php?rest_route=%2Fwp%2Fv2%2Fcomments&post=11759"}],"version-history":[{"count":6,"href":"https:\/\/www.sarisarkomaa.fi\/index.php?rest_route=\/wp\/v2\/pages\/11759\/revisions"}],"predecessor-version":[{"id":11804,"href":"https:\/\/www.sarisarkomaa.fi\/index.php?rest_route=\/wp\/v2\/pages\/11759\/revisions\/11804"}],"wp:attachment":[{"href":"https:\/\/www.sarisarkomaa.fi\/index.php?rest_route=%2Fwp%2Fv2%2Fmedia&parent=11759"}],"curies":[{"name":"wp","href":"https:\/\/api.w.org\/{rel}","templated":true}]}}