{"id":2,"date":"2011-02-13T19:13:44","date_gmt":"2011-02-13T19:13:44","guid":{"rendered":"http:\/\/www.kaikupuro.fi\/SariSarkomaa\/?page_id=2"},"modified":"2011-11-16T12:50:22","modified_gmt":"2011-11-16T10:50:22","slug":"tietoja","status":"publish","type":"page","link":"https:\/\/www.sarisarkomaa.fi\/?page_id=2","title":{"rendered":"Sarin tarina"},"content":{"rendered":"<h2><span style=\"text-decoration: underline;\">Perheen esikoinen<\/span><\/h2>\n<p>Synnyin nelj\u00e4n lapsen perheeseen esikoisena. Ehk\u00e4 osin siksi olen aina ollut valmis ottamaan vastuuta ja tekem\u00e4\u00e4n ty\u00f6t\u00e4 erilaisten ihmisten kanssa. Politiikka on ennen kaikkea joukkuepeli\u00e4, jossa tarvitaan kyky\u00e4 sovittaa yhteen erilaisia n\u00e4kemyksi\u00e4, mutta my\u00f6s lujaa tahtoa taistella t\u00e4rkeiksi kokemiensa asioiden puolesta. Vanhemmillani oli aina muiden t\u00f6iden ohessa omaa yritystoimintaa. <strong>Kotona kasvoin yritteli\u00e4isyyteen ja opin arvostamaan ahkeruutta sek\u00e4 kaikkea ty\u00f6t\u00e4.<\/strong><\/p>\n<p>Is\u00e4ni toimi energiatekniikan professorina ja yliopistomaailma sek\u00e4 tiede olivat osa perheen arkea. Suvussani on my\u00f6s paljon opettajia ja opettajuus on asia, jota olen jo lapsena oppinut kunnioittamaan. <strong>\u00c4idilt\u00e4ni opin ekologisen ajatusmaailman ja arkiliikunnan.<\/strong> \u00c4itini ei k\u00e4ytt\u00e4nyt autoa jos ei ollut pakko, vaan k\u00e4veli tai py\u00f6r\u00e4ili aina kun se oli mahdollista. Niin teimme my\u00f6s me lapset. Se her\u00e4tti siihen aikaan jopa kummastusta.<\/p>\n<h2><span style=\"text-decoration: underline;\">Luonto ja muut rakkaat harrastukset<\/span><\/h2>\n<p>Kouluaikana kaiken huomioni vapaa-ajalla veiv\u00e4t hevoset. Lopetin lopulta my\u00f6s partioharrastuksenikin, kun kaikki aika kului tallilla. <strong>Rakkaus luontoon ja el\u00e4imiin on s\u00e4ilynyt.<\/strong> Vanhimman tytt\u00e4reni innostuttua ratsastuksesta olen hieman l\u00e4mmitellyt vanhaa harrastustani. Olen my\u00f6s Helsingin el\u00e4insuojeluyhdistyksen j\u00e4sen ja toimin eduskunnan el\u00e4insuojeluryhm\u00e4n puheenjohtajana.<\/p>\n<p><strong>Harrastuksiini kuuluu my\u00f6s kaikenlainen luonnossa liikkuminen, lukeminen, lasten kanssa leipominen ja tietenkin ajanvietto perheen ja yst\u00e4vien kanssa.<\/strong> Olen Helsingin teatterikerhon j\u00e4sen ja teatterissa k\u00e4yn enemm\u00e4n kuin mielell\u00e4ni, mutta aivan liian harvoin. Olen my\u00f6s j\u00e4senen\u00e4 mm. Mannerheimin Lastensuojeluliiton Munkkiniemen paikallisyhdistyksess\u00e4. MLL:n yhdistykset tekev\u00e4t arvokasta ty\u00f6t\u00e4 lasten ja nuorten hyv\u00e4ksi sek\u00e4 vanhemmuuden tueksi, ongelmien ennaltaehk\u00e4isemiseksi \u2013 ja tuovat iloa arkeen.<\/p>\n<p>Tutustuessani aviomieheeni sain my\u00f6s tottua purjehtimiseen, joka on nykyisin koko perheemme rakkain yhteinen kes\u00e4lomaharrastus. Tulin aikoinaan helposti pahoinvoivaksi lyhyell\u00e4 automatkallakin, joten el\u00e4m\u00e4nmuutos oli suuri. Nykyisin en tied\u00e4 mit\u00e4\u00e4n parempaa tapaa viett\u00e4\u00e4 kes\u00e4lomaa ja vapaa-aikaa kuin purjehtiminen. Mieheni Kimin vanhempien yli 20 vuotta sitten hankkima purjevene Piraija on kuin toinen kotimme. <strong>Merellinen luonto on aina yht\u00e4 hieno el\u00e4mys ja It\u00e4meren suojelu onkin keskeinen mielenkiinnon kohteeni.<\/strong><\/p>\n<h2><span style=\"text-decoration: underline;\">Koti ja perhe<\/span><\/h2>\n<p><strong>Asumme Munkkiniemess\u00e4, jonka parhaita puolia ovat luonnon l\u00e4heisyys sek\u00e4 sujuvat joukkoliikenneyhteydet.<\/strong> On upeaa, ett\u00e4 ratikka ja meri ovat l\u00e4hes takapihalla. Lapset voivat k\u00e4vell\u00e4 kotoa kouluun ja pienimm\u00e4n p\u00e4iv\u00e4koti on meid\u00e4n kotikadullamme. Munkinseudulta l\u00f6ytyv\u00e4t my\u00f6s Helsingin parhaat kahvilat ja hyv\u00e4 kirjasto. On mukavaa asua alueella, jossa l\u00e4hes kaikki tuntevat toisensa.<\/p>\n<p>Olen onnellisesti naimisissa Kim Ruokosen kanssa. <strong>Kim ja tietenkin meid\u00e4n kolme lastamme ovat parasta mit\u00e4 minulle on koskaan tapahtunut. <\/strong>Meill\u00e4 tasapainoillaan ty\u00f6n ja perheen yhteensovittamisen kanssa niin kuin monissa muissakin lapsiperheiss\u00e4. En kuulu eduskunnan tunnetuimpiin iltakutsuilla viihtyjiin, vaan pakkaan useimmiten illaksi tietokoneen mukaan kotiin.<\/p>\n<p><strong>Vaikka ty\u00f6t ja lasten harrastukset t\u00e4ytt\u00e4v\u00e4tkin ison osan perheemme arjesta, pyrimme l\u00f6yt\u00e4m\u00e4\u00e4n p\u00e4ivitt\u00e4in ainakin yhden yhteisen ruokailuhetken perheen kesken.<\/strong> Silloin voimme rauhassa vaihtaa p\u00e4iv\u00e4n kuulumisia ja jakaa ilot ja surut. Kim on loistava kokki, mik\u00e4 on onnenpotku, koska itse olen huonohko ruoanlaittaja, mutta leipomisessa jo paljon parempi.<\/p>\n<h2><span style=\"text-decoration: underline;\">Ty\u00f6n ja perheen yhteensovittaminen<\/span><\/h2>\n<p>Onneksi kansanedustajan ty\u00f6 ei ole aivan kaikilta osiltaan ty\u00f6paikkaan sidottua. <strong>Arkea helpottavat my\u00f6s yhteiset kalenteripalaverit mieheni kanssa ja isovanhempien lastenhoitoapu.<\/strong> Olemme onnekkaita, kun meill\u00e4 on isovanhemmat ja laaja l\u00e4heisten tukiverkosto osana el\u00e4m\u00e4\u00e4.<\/p>\n<p><strong>Ty\u00f6 on minulle aina ollut t\u00e4rke\u00e4\u00e4 ja suhtautuminen siihen intohimoista.<\/strong> Koen olevani onnekas, kun olen voinut tehd\u00e4 ty\u00f6t\u00e4, jonka koen t\u00e4rke\u00e4ksi. Innostun helposti uusista asioista. Vasta el\u00e4m\u00e4nkokemus on tuonut viisautta ja kyky\u00e4 antaa enemm\u00e4n tilaa perheelleni ja muulle el\u00e4m\u00e4lle. Tunnen olevani etuoikeutettu, kun ehdin itse olemaan mukana lasten arjessa ja el\u00e4m\u00e4\u00e4n omaa el\u00e4m\u00e4\u00e4ni enk\u00e4 vain organisoi lastenhoitoa. Olen varmasti n\u00e4in my\u00f6s parempi p\u00e4\u00e4t\u00f6ksentekij\u00e4.<\/p>\n<p><strong>Olen joskus kuullut jonkun sanovan, ett\u00e4 ihminen on onnellinen silloin, kun t\u00f6ihin on mukava menn\u00e4 ja kun t\u00f6ist\u00e4 palaa mielell\u00e4\u00e4n kotiin. <\/strong><strong>Oli sanoja kuka tahansa, niin oikeaan osui.<\/strong><strong>\u00a0<\/strong><\/p>\n<h2><span style=\"text-decoration: underline;\">Opinnot ja kipin\u00e4 politiikkaan<\/span><\/h2>\n<p>Lukion j\u00e4lkeen valmistuin ensin Helsingin IV-terveydenhuolto-oppilaitoksesta. <strong>Olen ty\u00f6skennellyt sek\u00e4 Suomessa ett\u00e4 Ruotsissa, niin sairaanhoitajan kuin r\u00f6ntgenhoitajan teht\u00e4viss\u00e4.<\/strong> Rahoitin yliopisto-opintoni tekem\u00e4ll\u00e4 r\u00f6ntgenhoitajan sijaisuuksia ja sairaanhoitajana y\u00f6vuoroja vanhainkodissa. Innostus yhteiskunnallisiin asioihin syntyi opiskelujen alkuaikoina ja olin aktiivisesti mukana ainej\u00e4rjest\u00f6toiminnassa.<\/p>\n<p><strong>Terveydenhuollon maisterin tutkinnon suoritin Helsingin yliopistossa l\u00e4\u00e4ketieteellisess\u00e4 tiedekunnassa.<\/strong> P\u00e4\u00e4aineitani olivat terveydenhuollon johtaminen, hallinto\u00a0ja tutkimusmenetelm\u00e4t. Kipin\u00e4 politiikkaan syttyi, kun opiskelin vuoden Skotlannissa Edinburghin yliopistossa. Palattuani Suomeen liityin Kansallisiin Ylioppilaisiin ja politiikka vei pikkuhiljaa menness\u00e4\u00e4n.<\/p>\n<h2><span style=\"text-decoration: underline;\">Kokoomus ja ty\u00f6 kansanedustajana<\/span><\/h2>\n<p>Opiskelijapolitiikka oli monin tavoin politiikan korkeakoulu, mutta suoritin my\u00f6s varsinaiset yliopisto-opintoni kaiken muun ohella. Toimin kaksi vuotta Kokoomusopiskelijoiden ensimm\u00e4isen\u00e4 naispuheenjohtajana, jonka j\u00e4lkeen oli valmistumisen aika. Siirryin suoraan eduskuntaan poliittiseksi sihteeriksi. <strong>Ty\u00f6skentely Sauli Niinist\u00f6n puheenjohtaja-aikana kokoomuksen eduskuntaryhm\u00e4n poliittisena sihteerin\u00e4 on antanut laajan osaamisen eri politiikan osa-alueille.<\/strong><\/p>\n<p><strong>Olen saanut kansanedustajan ty\u00f6ss\u00e4 tehd\u00e4 paljon ja olla vastuullisissa teht\u00e4viss\u00e4. <\/strong>Olen ollut vahvasti vaikuttamassa kokoomuksen suuntaan ja politiikan sis\u00e4lt\u00f6\u00f6n. Viimeisimm\u00e4ksi vedin kokoomuksen puheenjohtajan kanssa ty\u00f6ryhm\u00e4\u00e4, jossa valmisteltiin kokoomuksen kannat hyvinvointiyhteiskunnan pelastamiseen ja verouudistukseen. Olen my\u00f6s kokoomuksen palkansaajavaltuuskunnan puheenjohtaja.<\/p>\n<p><strong>Toimin eduskunnan valtiovarainvaliokunnassa ja ulkoasiainvaliokunnassa. Olen valtiovarainvaliokunnan kunta- ja terveysjaoston puheenjohtaja. Toimin my\u00f6s sivistys- ja tiedejaostossa. <\/strong>Valtiovarainvaliokunnan teht\u00e4v\u00e4n\u00e4 on k\u00e4sitell\u00e4 valtiontalouden kehykset, valtion talousarvioesitys ja lis\u00e4talousarvioesitykset sek\u00e4 veroja ja muita raha-asioita koskevat lains\u00e4\u00e4d\u00e4nt\u00f6asiat.<\/p>\n<p>Kokoomuksen puoluejohdon j\u00e4senen\u00e4 toimiessani vedin kokoomuksen periaateohjelmaty\u00f6t\u00e4 puheenjohtaja Kataisen kanssa. Puoluejohtoon minut valittiin vuonna 1999, eli samana vuonna kun tulin valituksi kansanedustajaksi. Toimin kokoomuksen varapuheenjohtajana aina kes\u00e4\u00e4n 2004 asti, jolloin puoluekokous valitsi minut puoluevaltuuston puheenjohtajaksi. Puoluevaltuuston puheenjohtajan teht\u00e4v\u00e4st\u00e4 j\u00e4in pois vuonna 2008. <strong>Opetusministerin\u00e4 ollessani toimin my\u00f6s mm. sosiaalipoliittisen ministeriryhm\u00e4n ja yritt\u00e4jyyden politiikkaohjelman j\u00e4senen\u00e4.<\/strong><\/p>\n<p>Eduskuntaty\u00f6n lis\u00e4ksi olen vaikuttanut Helsingin asioihin kaupunginvaltuutettuna. Helsinkil\u00e4isten palveluista, arjen hyvinvoinnista ja ymp\u00e4rist\u00f6st\u00e4 huolehtiminen on haastava ja t\u00e4rke\u00e4 teht\u00e4v\u00e4. <strong>Ty\u00f6 kaupunginvaltuutettuna tukee eduskuntaty\u00f6t\u00e4. Kansanedustajana on v\u00e4ltt\u00e4m\u00e4t\u00f6nt\u00e4 tiet\u00e4\u00e4, mit\u00e4 Helsingin p\u00e4\u00e4t\u00f6ksenteossa tapahtuu ja p\u00e4invastoin.<\/strong><\/p>\n<h2><span style=\"text-decoration: underline;\">Innostusta ja tahtoa jatkaa kansanedustajan ty\u00f6t\u00e4<\/span><\/h2>\n<p><strong>Ihmisten hyvinvointi ja puhdas ymp\u00e4rist\u00f6 kuuluvat p\u00e4\u00e4t\u00f6ksenteossa etusijalle. <\/strong>Sukupuolten ja sukupolvien v\u00e4linen tasa-arvo on kaiken l\u00e4ht\u00f6kohta. Samoin ty\u00f6nteon, yritt\u00e4jyyden ja hyv\u00e4n ty\u00f6el\u00e4m\u00e4n edist\u00e4minen. Ty\u00f6 ja perhe pit\u00e4\u00e4 olla \"jokavanhemmanoikeus\u201d. Kest\u00e4v\u00e4n, suomalaisten hyvinvoinnin kannalta on v\u00e4ltt\u00e4m\u00e4t\u00f6nt\u00e4, ett\u00e4 kaikki voimavarat ovat\u00a0sek\u00e4 ty\u00f6el\u00e4m\u00e4ss\u00e4 ett\u00e4 vanhemmuudessa k\u00e4yt\u00f6ss\u00e4\u00a0parhaalla mahdollisella tavalla. Ty\u00f6st\u00e4 ja el\u00e4m\u00e4st\u00e4 on voitava my\u00f6s nauttia.\u00a0 Kest\u00e4v\u00e4n talouden rinnalle on nostettava el\u00e4m\u00e4n laatu. J\u00e4tet\u00e4\u00e4n maapallo lapsillemme sellaisessa kunnossa, jota tulevien \u00e4itien ja isien ei tarvitse h\u00e4vet\u00e4.<strong> <\/strong><\/p>\n<p>Kansanedustajan ty\u00f6ss\u00e4 tarvitaan asiantuntemusta ja kyky\u00e4, sek\u00e4 intoa ett\u00e4 uusia avauksia. Politiikalla ratkaistaan isoja arjen kysymyksi\u00e4 \u2013 joko hyvin tai huonosti. <strong>P\u00e4\u00e4tt\u00e4jien on tunnettava tosiasiat, mutta p\u00e4\u00e4t\u00f6sten on my\u00f6s tunnuttava oikeilta. Aina on oikea hetki mietti\u00e4, miten asiat voi tehd\u00e4 paremmin. <\/strong>Tarvitsen Sinulta valtakirjan jatkaa ty\u00f6t\u00e4ni hyv\u00e4n arjen puolesta.<\/p>\n<p><em><strong>Sari Sarkomaa<\/strong><\/em><\/p>\n","protected":false},"excerpt":{"rendered":"<p>Perheen esikoinen Synnyin nelj\u00e4n lapsen perheeseen esikoisena. Ehk\u00e4 osin siksi olen aina ollut valmis ottamaan vastuuta ja tekem\u00e4\u00e4n ty\u00f6t\u00e4 erilaisten ihmisten kanssa. Politiikka on ennen kaikkea joukkuepeli\u00e4, jossa tarvitaan kyky\u00e4 sovittaa yhteen erilaisia n\u00e4kemyksi\u00e4, mutta my\u00f6s lujaa tahtoa taistella t\u00e4rkeiksi kokemiensa asioiden puolesta. Vanhemmillani oli aina muiden t\u00f6iden ohessa omaa yritystoimintaa. Kotona kasvoin yritteli\u00e4isyyteen ja <a href=\"https:\/\/www.sarisarkomaa.fi\/?page_id=2\" class=\"more-link\">...jatka lukemista<span class=\"screen-reader-text\"> \"Sarin tarina\"<\/span><\/a><\/p>\n","protected":false},"author":1,"featured_media":0,"parent":0,"menu_order":0,"comment_status":"closed","ping_status":"closed","template":"","meta":[],"_links":{"self":[{"href":"https:\/\/www.sarisarkomaa.fi\/index.php?rest_route=\/wp\/v2\/pages\/2"}],"collection":[{"href":"https:\/\/www.sarisarkomaa.fi\/index.php?rest_route=\/wp\/v2\/pages"}],"about":[{"href":"https:\/\/www.sarisarkomaa.fi\/index.php?rest_route=\/wp\/v2\/types\/page"}],"author":[{"embeddable":true,"href":"https:\/\/www.sarisarkomaa.fi\/index.php?rest_route=\/wp\/v2\/users\/1"}],"replies":[{"embeddable":true,"href":"https:\/\/www.sarisarkomaa.fi\/index.php?rest_route=%2Fwp%2Fv2%2Fcomments&post=2"}],"version-history":[{"count":10,"href":"https:\/\/www.sarisarkomaa.fi\/index.php?rest_route=\/wp\/v2\/pages\/2\/revisions"}],"predecessor-version":[{"id":143,"href":"https:\/\/www.sarisarkomaa.fi\/index.php?rest_route=\/wp\/v2\/pages\/2\/revisions\/143"}],"wp:attachment":[{"href":"https:\/\/www.sarisarkomaa.fi\/index.php?rest_route=%2Fwp%2Fv2%2Fmedia&parent=2"}],"curies":[{"name":"wp","href":"https:\/\/api.w.org\/{rel}","templated":true}]}}