{"id":2916,"date":"2013-05-16T15:11:04","date_gmt":"2013-05-16T13:11:04","guid":{"rendered":"http:\/\/www.sarisarkomaa.fi\/?page_id=2916"},"modified":"2023-02-16T15:27:52","modified_gmt":"2023-02-16T13:27:52","slug":"ajankohtaista-2","status":"publish","type":"page","link":"https:\/\/www.sarisarkomaa.fi\/?page_id=2916","title":{"rendered":"Ajankohtaista"},"content":{"rendered":"\n<h5 id=\"ajankohtaista\">Ajankohtaista<\/h5>\n\n\n\n<h5><a href=\"https:\/\/www.sarisarkomaa.fi\/?p=11865\">Tiedote 16.2.2023: Kokoomuksen Sarkomaa: Stoppi musiikki- ja matematiikkaluokkien alasajolle!<\/a><\/h5>\n\n\n\n<h5><a href=\"https:\/\/www.sarisarkomaa.fi\/?p=11859\">Tiedote 15.2.2023: Kokoomuksen Sarkomaa: Rintasy\u00f6p\u00e4seulonnat laajennettava koskemaan my\u00f6s 70-74-vuotiaita<\/a><\/h5>\n\n\n\n<h5><a href=\"https:\/\/www.sarisarkomaa.fi\/?p=11847\">Uusi Suomi 6.2.2023: Hallitus unohti silpomisuhan alla el\u00e4v\u00e4t tyt\u00f6t \u2013 eduskunnan edellytt\u00e4m\u00e4 laki j\u00e4i hallitukselta tekem\u00e4tt\u00e4<\/a><\/h5>\n\n\n\n<h5><a href=\"https:\/\/www.sarisarkomaa.fi\/?p=11841\">Verkkouutiset 6.2.2023: Hallituksen yritysvastaisuus jyr\u00e4\u00e4 jonossa apua odottavan h\u00e4d\u00e4n<\/a><\/h5>\n\n\n\n<h5><a href=\"https:\/\/www.sarisarkomaa.fi\/?p=11829\">Tiedote 5.2.2023: Kokoomuksen Sarkomaa: Kela-korvausleikkaus peruttava hoitoon p\u00e4\u00e4syn helpottamiseksi<\/a><\/h5>\n\n\n\n<h5><a href=\"https:\/\/www.sarisarkomaa.fi\/?p=11837#:~:text=IN%20ENGLISH-,Tiedote%204.2.2023%3A%20Hallitusohjelmaan%20kirjattava%20kansallinen%20sy%C3%B6p%C3%A4strategia,-Kirjoittaja\">Tiedote 4.2.2023: Hallitusohjelmaan kirjattava kansallinen sy\u00f6p\u00e4strategia<\/a><\/h5>\n\n\n\n<h5><a href=\"https:\/\/www.sarisarkomaa.fi\/?p=11839\">T\u00f6\u00f6l\u00f6l\u00e4inen 29.1.2023 : Helsingin ratkaistava ripe\u00e4sti varhaiskasvatuksen kriisi ja turvattava laadukkaat perheiden palvelut<\/a><\/h5>\n\n\n\n<h5><a href=\"https:\/\/www.sarisarkomaa.fi\/?p=11835\">Tiedote 24.1.2023: Kokoomuksen Sarkomaa: Suomalaiset ovat valmiina \u2013 seuraavan hallituksen teht\u00e4v\u00e4 on vied\u00e4 viinit ruokakauppaan<\/a><\/h5>\n\n\n\n<h5><a href=\"https:\/\/www.sarisarkomaa.fi\/?p=11833\">Tiedote 14.1.2023: Sarkomaa: Muistisairaiden sopeutumisvalmennuksen lopetusp\u00e4\u00e4t\u00f6s t\u00e4ytyy perua<\/a><\/h5>\n\n\n\n<h5><a href=\"https:\/\/www.sarisarkomaa.fi\/?p=11814\">Tammikuun eduskuntaterveiset<\/a><\/h5>\n\n\n\n<h5><a href=\"https:\/\/www.sarisarkomaa.fi\/?p=11809\">Radiografia-lehti: R\u00f6ntgenhoitajan ty\u00f6n pito- ja vetovoiman vauhdittamista Arkadianm\u00e4ell\u00e4<\/a><\/h5>\n\n\n\n<h5><a href=\"https:\/\/www.sarisarkomaa.fi\/?p=11852\">Kaupunkisanomat 12.1.2023: Helsingin p\u00e4iv\u00e4kotien ja pikkukoululaisten iltap\u00e4iv\u00e4kerhojen pelastustoimiin laitettava vauhtia<\/a><\/h5>\n\n\n\n<h5><a href=\"https:\/\/www.sarisarkomaa.fi\/?p=11805\">Tiedote 11.1.2023: Kokoomuksen Sarkomaa ja Keto-Huovinen: Hallitus petti silpomisuhan alla el\u00e4v\u00e4t tyt\u00f6t eduskunnan tahdon vastaisesti \u2013 \u201dTyrmistytt\u00e4v\u00e4 laiminly\u00f6nti\u201d<\/a><\/h5>\n\n\n\n<h5><a href=\"https:\/\/www.sarisarkomaa.fi\/?p=11792\">V\u00e4likysymyspuhe vanhus- ja terveyspalveluiden kriisist\u00e4 28.9.2022<\/a><\/h5>\n\n\n\n<h5><a href=\"https:\/\/www.sarisarkomaa.fi\/?p=11786\">Eduskunnan sy\u00f6p\u00e4verkosto tekee ty\u00f6t\u00e4 korkeatasoisen ja&nbsp;yhdenvertaisen sy\u00f6v\u00e4n hoidon toteutumiseksi<\/a><\/h5>\n\n\n\n<h5><a href=\"https:\/\/www.sarisarkomaa.fi\/?p=11776\">Hyv\u00e4\u00e4 uutta vuotta \u2013 Toiveita ja tavoitteita alkaneelle vuodelle 2023<\/a><\/h5>\n\n\n\n<h5><a href=\"https:\/\/www.sarisarkomaa.fi\/?p=11772\">Uusi Suomi 30.12.2022: Lasten ep\u00e4inhimilliset syd\u00e4nleikkausjonot purettava heikent\u00e4m\u00e4tt\u00e4 Uudenmaan riskisynnytt\u00e4jien palveluja<\/a><\/h5>\n\n\n\n<h5><a href=\"https:\/\/www.sarisarkomaa.fi\/?p=11767\">Vauvoja ja perheit\u00e4 el\u00e4m\u00e4lle&nbsp;pelastava Ensikodin toiminta on turvattava &nbsp;<\/a><\/h5>\n\n\n\n<h5><a href=\"https:\/\/www.sarisarkomaa.fi\/?p=11780\">T\u00f6\u00f6l\u00f6l\u00e4inen 7.12.2022: J\u00e4rjest\u00f6t ovat osa toimivaa Helsinki\u00e4<\/a><\/h5>\n\n\n\n<h5><a href=\"https:\/\/www.sarisarkomaa.fi\/?p=11746\">T\u00f6\u00f6l\u00f6l\u00e4inen 20.11.2022: Helsingin ajautuminen Ruotsin tielle jengirikollisuudessa on estett\u00e4v\u00e4<\/a><\/h5>\n\n\n\n<h5><a href=\"https:\/\/www.sarisarkomaa.fi\/?p=11742\">Tiedote 19.11.2022: Kokoomuksen Sarkomaa: Yritysl\u00e4hestymiskielto lis\u00e4keinoksi puuttua toistuviin myym\u00e4l\u00e4varkauksiin ja h\u00e4iri\u00f6k\u00e4ytt\u00e4ytymiseen<\/a><\/h5>\n\n\n\n<h5><a href=\"https:\/\/www.sarisarkomaa.fi\/?p=11737\">Uusi Suomi 8.11.2022: Liikunnan ja oikea-aikaisen kuntoutuksen edist\u00e4misen oltava tulevan hallituksen yksi painopiste<\/a><\/h5>\n\n\n\n<h5><a href=\"https:\/\/www.sarisarkomaa.fi\/?p=11724\">Tiedote 5.11.2022: Kokoomuksen Sarkomaa: Kotitalousv\u00e4hennys laajennettava koskemaan my\u00f6s kotikuntoutusta \u2013 kun kodin remontti on kotitalousv\u00e4hennyksen piiriss\u00e4 niin miksi ei omasta kunnosta huolehtiminen?<\/a><\/h5>\n\n\n\n<h5><a href=\"https:\/\/www.sarisarkomaa.fi\/?p=11713\">Lokakuun eduskuntaterveiset<\/a><\/h5>\n\n\n\n<h5><a href=\"https:\/\/www.sarisarkomaa.fi\/?p=11707\">Tiedote 23.10.2022: Kokoomuksen Sarkomaa ja Multala: Hallituksen vastattava varhaiskasvatuksen opettajapulaan heti!<\/a><\/h5>\n\n\n\n<h5><a href=\"https:\/\/www.sarisarkomaa.fi\/?p=11703\">Tiedote 22.10.2022: Kokoomuksen Sarkomaa ja Laiho: Hallituksen esitt\u00e4m\u00e4 Kela-korvausleikkaus vastuuton \u2013 yh\u00e4 useampi sys\u00e4t\u00e4\u00e4n jonoon<\/a><\/h5>\n\n\n\n<h5><a href=\"https:\/\/www.sarisarkomaa.fi\/?p=11699\">Tiedote 20.10.2022: Kokoomuksen Laiho ja Sarkomaa: Koronarokotteisiin tarvitaan ryhtiliike<\/a><\/h5>\n\n\n\n<h5><a href=\"https:\/\/www.sarisarkomaa.fi\/?p=11695\">Syksyn eduskuntaterveiset<\/a><\/h5>\n\n\n\n<h5><a href=\"https:\/\/www.sarisarkomaa.fi\/?p=11691\">T\u00f6\u00f6l\u00f6l\u00e4inen 16.10.2022: Vauvoja ja perheit\u00e4 el\u00e4m\u00e4lle pelastavaa Helsingin Ensikotia on suojeltava<\/a><\/h5>\n\n\n\n<h5><a href=\"https:\/\/www.sarisarkomaa.fi\/?p=11684\">Tiedote 14.10.2022: Helsinki panostaa pienten lasten koulutukseen, mutta Marinin hallitus leikkaa<\/a><\/h5>\n","protected":false},"excerpt":{"rendered":"<p>Ajankohtaista Tiedote 16.2.2023: Kokoomuksen Sarkomaa: Stoppi musiikki- ja matematiikkaluokkien alasajolle! Tiedote 15.2.2023: Kokoomuksen Sarkomaa: Rintasy\u00f6p\u00e4seulonnat laajennettava koskemaan my\u00f6s 70-74-vuotiaita Uusi Suomi 6.2.2023: Hallitus unohti silpomisuhan alla el\u00e4v\u00e4t tyt\u00f6t \u2013 eduskunnan edellytt\u00e4m\u00e4 laki j\u00e4i hallitukselta tekem\u00e4tt\u00e4 Verkkouutiset 6.2.2023: Hallituksen yritysvastaisuus jyr\u00e4\u00e4 jonossa apua odottavan h\u00e4d\u00e4n Tiedote 5.2.2023: Kokoomuksen Sarkomaa: Kela-korvausleikkaus peruttava hoitoon p\u00e4\u00e4syn helpottamiseksi Tiedote 4.2.2023: <a href=\"https:\/\/www.sarisarkomaa.fi\/?page_id=2916\" class=\"more-link\">...jatka lukemista<span class=\"screen-reader-text\"> \"Ajankohtaista\"<\/span><\/a><\/p>\n","protected":false},"author":1,"featured_media":0,"parent":4,"menu_order":1,"comment_status":"closed","ping_status":"open","template":"","meta":[],"_links":{"self":[{"href":"https:\/\/www.sarisarkomaa.fi\/index.php?rest_route=\/wp\/v2\/pages\/2916"}],"collection":[{"href":"https:\/\/www.sarisarkomaa.fi\/index.php?rest_route=\/wp\/v2\/pages"}],"about":[{"href":"https:\/\/www.sarisarkomaa.fi\/index.php?rest_route=\/wp\/v2\/types\/page"}],"author":[{"embeddable":true,"href":"https:\/\/www.sarisarkomaa.fi\/index.php?rest_route=\/wp\/v2\/users\/1"}],"replies":[{"embeddable":true,"href":"https:\/\/www.sarisarkomaa.fi\/index.php?rest_route=%2Fwp%2Fv2%2Fcomments&post=2916"}],"version-history":[{"count":166,"href":"https:\/\/www.sarisarkomaa.fi\/index.php?rest_route=\/wp\/v2\/pages\/2916\/revisions"}],"predecessor-version":[{"id":11869,"href":"https:\/\/www.sarisarkomaa.fi\/index.php?rest_route=\/wp\/v2\/pages\/2916\/revisions\/11869"}],"up":[{"embeddable":true,"href":"https:\/\/www.sarisarkomaa.fi\/index.php?rest_route=\/wp\/v2\/pages\/4"}],"wp:attachment":[{"href":"https:\/\/www.sarisarkomaa.fi\/index.php?rest_route=%2Fwp%2Fv2%2Fmedia&parent=2916"}],"curies":[{"name":"wp","href":"https:\/\/api.w.org\/{rel}","templated":true}]}}