{"id":43,"date":"2011-02-13T19:50:59","date_gmt":"2011-02-13T19:50:59","guid":{"rendered":"http:\/\/www.kaikupuro.fi\/SariSarkomaa\/?page_id=43"},"modified":"2024-01-30T10:19:53","modified_gmt":"2024-01-30T08:19:53","slug":"tyo","status":"publish","type":"page","link":"https:\/\/www.sarisarkomaa.fi\/?page_id=43","title":{"rendered":"Eduskunta"},"content":{"rendered":"<p><strong>Eduskunnassa pit\u00e4miini puheenvuoroihin sek\u00e4 valtiop\u00e4iv\u00e4toimiin voit tutustua alla olevien linkkien kautta Eduskunnan virallisilla sivuilla.<\/strong><\/p>\n<p><a href=\"https:\/\/www.eduskunta.fi\/FI\/kansanedustajat\/Sivut\/612.aspx\">Sarin tietosivu eduskunnassa<\/a><\/p>\n<p><a href=\"https:\/\/www.eduskunta.fi\/FI\/search\/Sivut\/vaskiresults.aspx#Default=%7B%22k%22%3A%22(puhuja%3A%5C%22Sarkomaa%20Sari%5C%22%20valtiopaivat%3C2015)%20OR%20(puhuja%3A%5C%22Sarkomaa%20Sari%5C%22%20valtiopaivat%3E2014%20fileextension%3D%5C%22aspx%5C%22)%22%2C%22o%22%3A%5B%7B%22d%22%3A1%2C%22p%22%3A%22AsiakirjatyyppiKoodi%22%7D%2C%7B%22d%22%3A1%2C%22p%22%3A%22ValtiopaivavuosiTeksti%22%7D%2C%7B%22d%22%3A1%2C%22p%22%3A%22AsiakirjaNroTeksti%22%7D%5D%7D\">Puheenvuoroja<\/a><\/p>\n<p><a href=\"https:\/\/www.eduskunta.fi\/FI\/search\/Sivut\/vaskiresults.aspx#Default=%7B%22k%22%3A%22(toimija%3A%5C%22Sarkomaa%20Sari%5C%22%20valtiopaivat%3C2015)%20OR%20(toimija%3A%5C%22Sarkomaa%20Sari%5C%22%20valtiopaivat%3E2014%20fileextension%3D%5C%22aspx%5C%22)%22%2C%22o%22%3A%5B%7B%22d%22%3A1%2C%22p%22%3A%22Write%22%7D%5D%7D\">Aloitteet ja kirjalliset kysymykset<\/a><\/p>\n","protected":false},"excerpt":{"rendered":"<p>Eduskunnassa pit\u00e4miini puheenvuoroihin sek\u00e4 valtiop\u00e4iv\u00e4toimiin voit tutustua alla olevien linkkien kautta Eduskunnan virallisilla sivuilla. Sarin tietosivu eduskunnassa Puheenvuoroja Aloitteet ja kirjalliset kysymykset<\/p>\n","protected":false},"author":1,"featured_media":0,"parent":0,"menu_order":0,"comment_status":"closed","ping_status":"closed","template":"","meta":[],"_links":{"self":[{"href":"https:\/\/www.sarisarkomaa.fi\/index.php?rest_route=\/wp\/v2\/pages\/43"}],"collection":[{"href":"https:\/\/www.sarisarkomaa.fi\/index.php?rest_route=\/wp\/v2\/pages"}],"about":[{"href":"https:\/\/www.sarisarkomaa.fi\/index.php?rest_route=\/wp\/v2\/types\/page"}],"author":[{"embeddable":true,"href":"https:\/\/www.sarisarkomaa.fi\/index.php?rest_route=\/wp\/v2\/users\/1"}],"replies":[{"embeddable":true,"href":"https:\/\/www.sarisarkomaa.fi\/index.php?rest_route=%2Fwp%2Fv2%2Fcomments&post=43"}],"version-history":[{"count":21,"href":"https:\/\/www.sarisarkomaa.fi\/index.php?rest_route=\/wp\/v2\/pages\/43\/revisions"}],"predecessor-version":[{"id":12341,"href":"https:\/\/www.sarisarkomaa.fi\/index.php?rest_route=\/wp\/v2\/pages\/43\/revisions\/12341"}],"wp:attachment":[{"href":"https:\/\/www.sarisarkomaa.fi\/index.php?rest_route=%2Fwp%2Fv2%2Fmedia&parent=43"}],"curies":[{"name":"wp","href":"https:\/\/api.w.org\/{rel}","templated":true}]}}