{"id":7,"date":"2011-02-13T19:30:06","date_gmt":"2011-02-13T19:30:06","guid":{"rendered":"http:\/\/www.kaikupuro.fi\/SariSarkomaa\/?page_id=7"},"modified":"2023-03-20T11:09:28","modified_gmt":"2023-03-20T09:09:28","slug":"teemat","status":"publish","type":"page","link":"https:\/\/www.sarisarkomaa.fi\/?page_id=7","title":{"rendered":"Teemat"},"content":{"rendered":"<p><strong>Koulutus ja tutkimus ovat t\u00e4rkeimm\u00e4t investointimme<\/strong><\/p>\n<p>Kouluihin on turvattava ty\u00f6rauha ja oppimisen ilo, jotta yksik\u00e4\u00e4n nuori ei syrj\u00e4ydy. Jokaisen lapsen on saatava riitt\u00e4v\u00e4t tiedot ja taidot, jotka kantavat toisen asteen tutkintoon, ty\u00f6el\u00e4m\u00e4\u00e4n tai jatko-opintoihin sek\u00e4 tavoittelemaan unelmiaan. Opettajien on saatava keskitty\u00e4 opettamiseen. Hyvinvointimme taataan jatkossakin osaamisella. Siksi laadukas koulutus varhaiskasvatuksesta korkeakouluihin on taattava. Uudet ajatukset ja hyv\u00e4 el\u00e4m\u00e4 syntyv\u00e4t tutkimuksesta, osaamisesta ja sivistyksest\u00e4.<\/p>\n<p><strong>P\u00e4iv\u00e4kodit, terveys- ja vanhuspalvelut ihmisen mittaisiksi<\/strong><\/p>\n<p>Ihmiset ja el\u00e4m\u00e4ntilanteet ovat erilaisia, siksi tarvitsemme vaihtoehtoja. Helsinkil\u00e4isten on saatava parempaa vastinetta verorahoilleen. Hyvi\u00e4 p\u00e4iv\u00e4koteja ja kouluja on oltava siell\u00e4, miss\u00e4 on lapsia. Hoitojonot ovat ep\u00e4inhimillisi\u00e4 ja tulevat kalliiksi, edullisinta on huolehtia ennaltaehk\u00e4isyst\u00e4, liikunnasta ja kuntoutuksesta. Terveyspalveluihin on p\u00e4\u00e4st\u00e4v\u00e4 ajoissa. Senioreiden ja omaishoitajien palveluihin on rakennettava arkeen sopivia vaihtoehtoja. Hyvinvoinnin vahvistamiseen tarvitaan j\u00e4rjest\u00f6t ja yritykset, innovaatiot sek\u00e4 innostus tehd\u00e4 asioita uudella tavalla. Ket\u00e4\u00e4n ei saa j\u00e4tt\u00e4\u00e4 yksin.<\/p>\n<p><strong>Hyv\u00e4 ja tasa-arvoinen ty\u00f6el\u00e4m\u00e4 on jokaisen oikeus<\/strong><\/p>\n<p>Ty\u00f6el\u00e4m\u00e4ss\u00e4 tarvitaan jokaista ja kohtelun on oltava yhdenvertaista. Perhevapaiden on oltava joustavia ja tasa-arvoa edist\u00e4vi\u00e4. Ty\u00f6nantajalle vanhemmuudesta aiheutuvat kustannukset on tasattava. Perheet ovat erilaisia mutta samanarvoisia. Jokaisella pit\u00e4\u00e4 olla mahdollisuus ty\u00f6el\u00e4m\u00e4n varrella t\u00e4ydent\u00e4\u00e4 osaamistaan. Ik\u00e4syrjint\u00e4\u00e4 on kitkett\u00e4v\u00e4 p\u00e4\u00e4tt\u00e4v\u00e4isesti. Ty\u00f6el\u00e4m\u00e4n joustot ovat ty\u00f6nantajan ja ty\u00f6ntekij\u00e4n etu. Ty\u00f6st\u00e4 ja el\u00e4m\u00e4st\u00e4 on voitava nauttia.<\/p>\n<p><strong>Ty\u00f6n ja yritt\u00e4misen pit\u00e4\u00e4 aina kannattaa<\/strong><\/p>\n<p>Yritt\u00e4misen edellytyksi\u00e4 on parannettava. Yritt\u00e4j\u00e4t luovat uutta ty\u00f6t\u00e4, palveluita ja kulttuuria. Turhaa s\u00e4\u00e4ntely\u00e4 on purettava. Uskon ihmisiin ja heid\u00e4n osaamiseensa. Ty\u00f6n ja el\u00e4kkeiden verotusta on kevennett\u00e4v\u00e4 ja ihmisten ostovoimasta huolehdittava. Keskituloiset ovat hyvinvointiyhteiskuntamme selk\u00e4ranka, heill\u00e4 ei saa maksattaa kaikkea. Toimin sen puolesta, ett\u00e4 yh\u00e4 useampi ty\u00f6kykyinen ihminen saisi toimeentulonsa omasta ty\u00f6st\u00e4\u00e4n. Se on kest\u00e4vin tapa turvata hyvinvointimme.<\/p>\n<p><strong>Turvallinen ja elinvoimainen Helsinki on koko maan kasvun veturi<\/strong><\/p>\n<p>Vahva kaupunkipolitiikka on koko Suomen etu. P\u00e4\u00e4kaupungista on teht\u00e4v\u00e4 houkutteleva paikka investoida ja luoda ty\u00f6paikkoja. Helsingin on saatava pit\u00e4\u00e4 oikeudenmukaisempi osuus verotuloistaan. P\u00e4\u00e4kaupunkiseudun joukkoliikennett\u00e4 on vahvistettava. Ruuhkista on p\u00e4\u00e4st\u00e4v\u00e4 sujuvaan liikenteeseen. Asumista ja el\u00e4mist\u00e4 Helsingiss\u00e4 ei saa tehd\u00e4 yht\u00e4\u00e4n kalliimmaksi. Suomen asema Natossa on vakiinnutettava ja huoltovarmuudesta on huolehdittava. V\u00e4kivalta on kitkett\u00e4v\u00e4 kaduiltamme. Helsingin on oltava turvallinen ja monien mahdollisuuksien kaupunki kaiken ik\u00e4isille.<\/p>\n<p><strong>Puhdas ymp\u00e4rist\u00f6 ja kest\u00e4v\u00e4 talous ovat paras perint\u00f6 lapsillemme<\/strong><\/p>\n<p>Vastuuton velkaantuminen ja tulevien sukupolvien mahdollisuuksien kuluttaminen on lopetettava. Ihmisi\u00e4 on kannustettava asumaan, liikkumaan ja k\u00e4ytt\u00e4m\u00e4\u00e4n luonnonvaroja kest\u00e4v\u00e4sti. Vihre\u00e4\u00e4 siirtym\u00e4\u00e4 on vauhditettava. Rakentaminen on teht\u00e4v\u00e4 l\u00e4hiluontoa kunnioittaen. Kaikki rantavaltiot on sitoutettava It\u00e4meren pelastamiseen ja varmistettava puhtaat sek\u00e4 roskattomat vesist\u00f6t. P\u00e4\u00e4t\u00f6ksiss\u00e4 on huomioitava my\u00f6s el\u00e4inten hyvinvointi. Haluan j\u00e4tt\u00e4\u00e4 tuleville sukupolville Suomen ja maapallon, jossa heid\u00e4n on hyv\u00e4 el\u00e4\u00e4.<\/p>\n","protected":false},"excerpt":{"rendered":"<p>Koulutus ja tutkimus ovat t\u00e4rkeimm\u00e4t investointimme Kouluihin on turvattava ty\u00f6rauha ja oppimisen ilo, jotta yksik\u00e4\u00e4n nuori ei syrj\u00e4ydy. Jokaisen lapsen on saatava riitt\u00e4v\u00e4t tiedot ja taidot, jotka kantavat toisen asteen tutkintoon, ty\u00f6el\u00e4m\u00e4\u00e4n tai jatko-opintoihin sek\u00e4 tavoittelemaan unelmiaan. Opettajien on saatava keskitty\u00e4 opettamiseen. Hyvinvointimme taataan jatkossakin osaamisella. Siksi laadukas koulutus varhaiskasvatuksesta korkeakouluihin on taattava. Uudet ajatukset <a href=\"https:\/\/www.sarisarkomaa.fi\/?page_id=7\" class=\"more-link\">...jatka lukemista<span class=\"screen-reader-text\"> \"Teemat\"<\/span><\/a><\/p>\n","protected":false},"author":1,"featured_media":7513,"parent":0,"menu_order":0,"comment_status":"closed","ping_status":"closed","template":"","meta":[],"_links":{"self":[{"href":"https:\/\/www.sarisarkomaa.fi\/index.php?rest_route=\/wp\/v2\/pages\/7"}],"collection":[{"href":"https:\/\/www.sarisarkomaa.fi\/index.php?rest_route=\/wp\/v2\/pages"}],"about":[{"href":"https:\/\/www.sarisarkomaa.fi\/index.php?rest_route=\/wp\/v2\/types\/page"}],"author":[{"embeddable":true,"href":"https:\/\/www.sarisarkomaa.fi\/index.php?rest_route=\/wp\/v2\/users\/1"}],"replies":[{"embeddable":true,"href":"https:\/\/www.sarisarkomaa.fi\/index.php?rest_route=%2Fwp%2Fv2%2Fcomments&post=7"}],"version-history":[{"count":11,"href":"https:\/\/www.sarisarkomaa.fi\/index.php?rest_route=\/wp\/v2\/pages\/7\/revisions"}],"predecessor-version":[{"id":11941,"href":"https:\/\/www.sarisarkomaa.fi\/index.php?rest_route=\/wp\/v2\/pages\/7\/revisions\/11941"}],"wp:featuredmedia":[{"embeddable":true,"href":"https:\/\/www.sarisarkomaa.fi\/index.php?rest_route=\/wp\/v2\/media\/7513"}],"wp:attachment":[{"href":"https:\/\/www.sarisarkomaa.fi\/index.php?rest_route=%2Fwp%2Fv2%2Fmedia&parent=7"}],"curies":[{"name":"wp","href":"https:\/\/api.w.org\/{rel}","templated":true}]}}