{"id":79,"date":"2011-02-13T21:07:26","date_gmt":"2011-02-13T21:07:26","guid":{"rendered":"http:\/\/www.kaikupuro.fi\/SariSarkomaa\/?page_id=79"},"modified":"2026-04-27T11:53:39","modified_gmt":"2026-04-27T09:53:39","slug":"etusivu","status":"publish","type":"page","link":"https:\/\/www.sarisarkomaa.fi\/","title":{"rendered":""},"content":{"rendered":"\n<div class=\"wp-container-1 wp-block-buttons\"><\/div>\n\n\n<p><!--more--><\/p>\n<p><strong>Olen helsinkil\u00e4inen kokoomuksen kansanedustaja, kaupunginvaltuutettu ja kaupunginhallituksen j\u00e4sen. Koulutukseltani olen terveydenhuollon maisteri. Toimin eduskunnassa valtiovarainvaliokunnassa ja ulkoasianvaliokunnassa. Olen kolmen nuoren \u00e4iti, intohimoinen It\u00e4meren suojelija ja luonnossa liikkuja.\u00a0<\/strong><\/p>\n<p>L\u00e4het\u00e4n kuukausittain ajankohtaiset kuulumiset eduskunnasta ja Helsingin kaupunkipolitiikasta. Voit tilata eduskuntaterveiseni l\u00e4hett\u00e4m\u00e4ll\u00e4 s\u00e4hk\u00f6postia sari.sarkomaa(at)eduskunta.fi<\/p>\n<p>Ajatuksesi ja palaute ovat t\u00e4rkeit\u00e4, pidet\u00e4\u00e4n yhteytt\u00e4.<\/p>\n<p>Voit seurata eduskunnan ajankohtaisia my\u00f6s <a href=\"https:\/\/www.facebook.com\/sarkomaasari\">Facebookissa<\/a>, <a href=\"https:\/\/www.instagram.com\/sarisarkomaa\/\">Instagramissa\u00a0<\/a>ja\u00a0<a href=\"https:\/\/twitter.com\/sarisarkomaa?lang=fi\">X:ss\u00e4<\/a>.<\/p>\n<h5>\u00a0<\/h5>\n<h4>Ajankohtaista<\/h4>\n<h5><a href=\"https:\/\/www.sarisarkomaa.fi\/?p=13215\">Tiedote 27.4.2026: Kokoomuksen Sarkomaa iloitsee: H\u00e4iritsev\u00e4 tupakointi voidaan pian kielt\u00e4\u00e4 huoneistoissa ja parvekkeilla ilman raskasta byrokratiaa<\/a><\/h5>\n<h5><a href=\"https:\/\/www.sarisarkomaa.fi\/?p=13210\">Tiedote 26.4.2026: Kokoomuksen Sarkomaa: Kehysriihen p\u00e4\u00e4t\u00f6ksill\u00e4 tehtiin loikka eteenp\u00e4in senioreiden kuntoutuksen saatavuudelle ja toimintakyvyn yll\u00e4pit\u00e4miselle<\/a><\/h5>\n<h5><a href=\"https:\/\/www.sarisarkomaa.fi\/?p=13208\">Tiedote 22.4.2026: Kokoomuksen Sarkomaa: Kehysriihen p\u00e4\u00e4t\u00f6s kotitalousv\u00e4hennyksen korottamisesta on loistouutinen<\/a><\/h5>\n<h5><a href=\"https:\/\/www.sarisarkomaa.fi\/?p=13204\">Blogi 22.4.2026: Lukutaito luodaan lapselle lukemalla \u2013 vanhemmilla t\u00e4rke\u00e4 vastuu<\/a><\/h5>\n<h5><a href=\"https:\/\/www.sarisarkomaa.fi\/?p=13201\">Kolumni 20.4.2026: Hammashoitoon on p\u00e4\u00e4st\u00e4v\u00e4 ajoissa\u00a0<\/a><\/h5>\n<h5><a href=\"https:\/\/www.sarisarkomaa.fi\/?p=13197\">Tiedote 18.4.2026: Kokoomuksen Sarkomaa: Valtakunnallinen muistisairauksien laaturekisteripilotti on v\u00e4ltt\u00e4m\u00e4t\u00f6n askel kohti kustannusvaikuttavaa, yhdenvertaista ja inhimillist\u00e4 muistisairaiden hoitoa ja ennaltaehk\u00e4isy\u00e4.<\/a><\/h5>\n<h5><a href=\"https:\/\/www.sarisarkomaa.fi\/?p=13190\">Huhtikuun eduskuntaterveiset 15.4.2026<\/a><\/h5>\n<h5><a href=\"https:\/\/www.sarisarkomaa.fi\/?p=13185\">Tiedote 13.4.2026: Kokoomuksen Sarkomaa: Suomi ei ole en\u00e4\u00e4 kummajainen \u2013 kansallinen sy\u00f6p\u00e4strategia on vihdoin valmis<\/a><\/h5>\n<h5><a href=\"https:\/\/www2.eduskunta.fi\/FI\/vaski\/Kysymys\/Sivut\/KK_132+2026.aspx\" target=\"_blank\" rel=\"noopener\">Kirjallinen kysymys 8.4.2026: ulkomailla asuvien suomalaislasten et\u00e4opetuksen turvaamisesta<\/a><\/h5>\n<h5><a href=\"https:\/\/www2.eduskunta.fi\/FI\/vaski\/Kysymys\/Sivut\/KK_129+2026.aspx\" target=\"_blank\" rel=\"noopener\">Kirjallinen kysymys 8.4.2026: rintasy\u00f6v\u00e4n seulonnan laajentamisesta nykyisest\u00e4 50\u201469-vuotiaiden kohdeik\u00e4ryhm\u00e4st\u00e4 46\u201474-vuotiaisiin kansallisen sy\u00f6p\u00e4seulontojen ohjausryhm\u00e4n ja EU:n suosituksen mukaisesti<\/a><\/h5>\n<h5><a href=\"https:\/\/www2.eduskunta.fi\/FI\/vaski\/Kysymys\/Sivut\/KK_128+2026.aspx\" target=\"_blank\" rel=\"noopener\">Kirjallinen kysymys 8.4.2026: ulkosuomalaisten pankkipalveluiden turvaamisesta<\/a><\/h5>\n<h5><a href=\"https:\/\/www.sarisarkomaa.fi\/?p=13178\">Tiedote 2.4.2026: Kokoomuksen Sarkomaa ja Laiho: Keskustan ehdotus kasvattaisi terveyseroja ja kustannuksia<\/a><\/h5>\n<h5><a href=\"https:\/\/www.sarisarkomaa.fi\/?p=13169\">Tiedote 28.3.2026: Varhainen toteaminen pelastaa henki\u00e4 \u2013 rintasy\u00f6p\u00e4seulonnat laajennettava 46\u201374-vuotiaisiin EU:n suosituksen mukaisesti<\/a><\/h5>\n<h5><a href=\"https:\/\/www.sarisarkomaa.fi\/?p=13166\">Blogi 27.3.2026: Uusia alkuja helsinkil\u00e4isille nuorille<\/a><\/h5>\n<h5><a href=\"https:\/\/www.sarisarkomaa.fi\/?p=13157\">Kolumni 24.3.2026: Helsinkil\u00e4iset ansaitsevat verorahoilleen vastinetta<\/a><\/h5>\n<h5><a href=\"https:\/\/www.sarisarkomaa.fi\/?p=13153\">Tiedote 24.3.2026: Kokoomuksen Sarkomaa: Keskustan el\u00e4kekatto romuttaisi ty\u00f6el\u00e4kej\u00e4rjestelm\u00e4n perusperiaatteen<\/a><\/h5>\n<h5><a href=\"https:\/\/www.sarisarkomaa.fi\/?p=13148\">Blogi 23.3.2026: Sinisilm\u00e4inen suhtautuminen huumeisiin ei auta ket\u00e4\u00e4n<\/a><\/h5>\n<h5><a href=\"https:\/\/www.sarisarkomaa.fi\/?p=13143\">Blogi 20.3.2026: Taksit turvallisiksi: Mit\u00e4 korjaussarja k\u00e4yt\u00e4nn\u00f6ss\u00e4 tarkoittaa?<\/a><\/h5>\n<h5><a href=\"https:\/\/www.sarisarkomaa.fi\/?p=13138\">Tiedote 13.3.2026: Kokoomuksen Sarkomaa: Onko SDP sittenkin hivuttamassa k\u00e4tt\u00e4 veronmaksajien taskuun maakuntaveron muodossa?<\/a><\/h5>\n<h5><a href=\"https:\/\/www.sarisarkomaa.fi\/?p=13134\">Blogi 10.3.2026: Ehdoton ei maakuntaverolle \u2013 kyll\u00e4 paremmille palveluille<\/a><\/h5>\n<h5><a href=\"https:\/\/www.sarisarkomaa.fi\/?p=13130\">Blogi 28.2.2026: Kalevalan p\u00e4iv\u00e4 on suomalaisen kulttuurin juhla<\/a><\/h5>\n<h5><a href=\"https:\/\/www.sarisarkomaa.fi\/?p=13127\">Blogi 27.2.2026: Yhdenvertaista saattohoitoa vauhdittava laki lausuntokierroksella<\/a><\/h5>\n<h5><a href=\"https:\/\/www.sarisarkomaa.fi\/?p=13116\">Helmikuun eduskuntaterveiset 20.2.2026<\/a><\/h5>\n<h5><a href=\"https:\/\/www.mustread.fi\/artikkelit\/oppimisen-oikeus-ei-tunne-rajoja-perusopetuslaki-on-paivitettava-digiajan-tarpeisiin\/\">Nosto 19.2.2026: Oppimisen oikeus ei tunne rajoja \u2013 perusopetuslaki on p\u00e4ivitett\u00e4v\u00e4 digiajan tarpeisiin<\/a><\/h5>\n<h5><a href=\"https:\/\/www.sarisarkomaa.fi\/?p=13100\">Blogi 19.2.2026: Kev\u00e4isell\u00e4 Saimaalla uivat uteliaat kuutit pelastettava hukkumiskuolemalta<\/a><\/h5>\n<h5><a href=\"https:\/\/www.sarisarkomaa.fi\/?p=13095\">Tiedote 19.2.2026: Kokoomuksen Sarkomaa: Asetusluonnos parantaa saimaannorpan suojelua, mutta kunnianhimon tasoa on nostettava<\/a><\/h5>\n<h5><a href=\"https:\/\/www.sarisarkomaa.fi\/?p=13092\">Blogi 18.2.2026: Vihdoin laki turvaamaan omaa kotia ja parveketta naapurin tupakansavulta<\/a><\/h5>\n<h5><a href=\"https:\/\/www.sarisarkomaa.fi\/?p=13160\">Blogi 17.2.2026: Korkeakoulujen harjoittelupaikkapulaan etsit\u00e4\u00e4n ratkaisuja<\/a><\/h5>\n<h5><a href=\"https:\/\/www.sarisarkomaa.fi\/?p=13065\">Tiedote 17.2.2026: Kokoomuksesta vaatimus uudesta sote-laista \u2013 Koskee erityisesti muistisairaita, \u201dpit\u00e4isi olla vapaus liikkua\u201d<\/a><\/h5>\n<h5><a href=\"https:\/\/www.sarisarkomaa.fi\/?p=13061\">Tiedote 16.2.2026: Uusimaa per\u00e4\u00e4nkuuluttaa korjauksia sosiaali-, terveys- ja pelastuspalvelujen rahoitusmalliin<\/a><\/h5>\n<h5><a href=\"https:\/\/www.sarisarkomaa.fi\/?p=13058\">Blogi 13.2.2026: Helsingin kadut on aurattava ajoissa \u2013 liukastelun on loputtava<\/a><\/h5>\n<h5><a href=\"https:\/\/www.sarisarkomaa.fi\/?p=13054\">Blogi 11.2.2026: Peruskoulu ei vain muutu - se muuttaa tulevaisuutta<\/a><\/h5>\n<h5><a href=\"https:\/\/www.sarisarkomaa.fi\/?p=13050\">Blogi 10.2.2026: Ik\u00e4ihmisten itsem\u00e4\u00e4r\u00e4\u00e4misoikeuden vahvistamiseen on keinoja<\/a><\/h5>\n<h5><a href=\"https:\/\/www.sarisarkomaa.fi\/?p=13046\">Blogi 6.2.2026: Stop brutaalille tytt\u00f6jen sukuelinten silpomiselle<\/a><\/h5>\n<h5><a href=\"https:\/\/www.sarisarkomaa.fi\/?p=13042\">Blogi 6.2.2026: Verkkokalastusrajoitusta viisasta jatkaa hein\u00e4kuulle kuuttikuolemien est\u00e4miseksi<\/a><\/h5>\n<h5><a href=\"https:\/\/www.sarisarkomaa.fi\/?p=13030\">Tiedote 31.1.2026: Kokoomusedustajat: Ik\u00e4ihmisten itsem\u00e4\u00e4r\u00e4\u00e4misoikeuden vahvistamiseen on keinoja<\/a><\/h5>\n<h5><a href=\"https:\/\/www.sarisarkomaa.fi\/?p=13087\">Blogi 27.1.2026: Korkeakouluopiskelijoiden harjoittelupaikkapulaan tarvitaan yhteisty\u00f6ss\u00e4 ratkaisuja<\/a><\/h5>\n<h5><a href=\"https:\/\/www.sarisarkomaa.fi\/?p=13083\">Blogi 21.1.2026: Hyv\u00e4ksyimme kaupunginvaltuustossa Munkkivuoren ostoskeskuksen asemakaavan.<\/a><\/h5>\n<h5><a href=\"https:\/\/www.sarisarkomaa.fi\/?p=13036\">Tiedote 18.1.2026: Kokoomuksen Sarkomaa: Kotitalousv\u00e4hennyksen nykyist\u00e4 vahvempi k\u00e4ytt\u00f6 osana senioreiden palveluja on arvioitava<\/a><\/h5>\n<h5><a href=\"https:\/\/www.sarisarkomaa.fi\/?p=13079\">Blogi 12.1.2026: Helsinkiin uusi sairaala vauhdittamaan lonkan ja polven tekonivelleikkauksia<\/a><\/h5>\n<h5><a href=\"https:\/\/www.sarisarkomaa.fi\/?p=13077\">Blogi 8.1.2026: Meilahden henkil\u00f6st\u00f6n h\u00e4t\u00e4huutoon vastataan ja sairaala-alueen parkkipaikkapiinaa helpotetaan<\/a><\/h5>\n<h5><a href=\"https:\/\/www.sarisarkomaa.fi\/?p=12999\">Blogi 5.1.2026: Palvelusetelin on oltava aito vaihtoehto ik\u00e4ihmisille<\/a><\/h5>\n<h5><a href=\"https:\/\/www.sarisarkomaa.fi\/?p=12988\">Tiedote 3.1.2026: Kokoomuksen Sarkomaa: Ajankohtaiskeskustelu vauhdittamaan lasten suojelua sosiaalisen median vaaroilta<\/a><\/h5>\n<h5>\u00a0<\/h5>\n\n\n<p><\/p>\n","protected":false},"excerpt":{"rendered":"","protected":false},"author":1,"featured_media":9887,"parent":0,"menu_order":1,"comment_status":"closed","ping_status":"closed","template":"","meta":[],"_links":{"self":[{"href":"https:\/\/www.sarisarkomaa.fi\/index.php?rest_route=\/wp\/v2\/pages\/79"}],"collection":[{"href":"https:\/\/www.sarisarkomaa.fi\/index.php?rest_route=\/wp\/v2\/pages"}],"about":[{"href":"https:\/\/www.sarisarkomaa.fi\/index.php?rest_route=\/wp\/v2\/types\/page"}],"author":[{"embeddable":true,"href":"https:\/\/www.sarisarkomaa.fi\/index.php?rest_route=\/wp\/v2\/users\/1"}],"replies":[{"embeddable":true,"href":"https:\/\/www.sarisarkomaa.fi\/index.php?rest_route=%2Fwp%2Fv2%2Fcomments&post=79"}],"version-history":[{"count":2966,"href":"https:\/\/www.sarisarkomaa.fi\/index.php?rest_route=\/wp\/v2\/pages\/79\/revisions"}],"predecessor-version":[{"id":13217,"href":"https:\/\/www.sarisarkomaa.fi\/index.php?rest_route=\/wp\/v2\/pages\/79\/revisions\/13217"}],"wp:featuredmedia":[{"embeddable":true,"href":"https:\/\/www.sarisarkomaa.fi\/index.php?rest_route=\/wp\/v2\/media\/9887"}],"wp:attachment":[{"href":"https:\/\/www.sarisarkomaa.fi\/index.php?rest_route=%2Fwp%2Fv2%2Fmedia&parent=79"}],"curies":[{"name":"wp","href":"https:\/\/api.w.org\/{rel}","templated":true}]}}