{"id":84,"date":"2011-02-13T21:29:40","date_gmt":"2011-02-13T21:29:40","guid":{"rendered":"http:\/\/www.kaikupuro.fi\/SariSarkomaa\/?page_id=84"},"modified":"2023-03-31T10:18:54","modified_gmt":"2023-03-31T08:18:54","slug":"artikkelit","status":"publish","type":"page","link":"https:\/\/www.sarisarkomaa.fi\/?page_id=84","title":{"rendered":"Sarista sanottua"},"content":{"rendered":"\n<p>\"Sariin voi aina luottaa.\" <strong>Paula Risikko<\/strong><\/p>\n\n\n\n<p>\"Tunnen Sarin opiskeluajoista l\u00e4htien. Olen tehnyt Sarin kanssa yhteisty\u00f6t\u00e4 Helsingin politiikassa ja eduskunnassa sek\u00e4&nbsp; toiminut samassa hallituksessa ministerin\u00e4. Sari on aikaansaava vaikuttaja. Aalto- yliopiston perustaminen oli Sarin opetusministerikauden merkitt\u00e4vin metropolipolitiikan saavutus.\u201d <strong>Jan Vapaavuori<\/strong> <\/p>\n\n\n\n<p>\"Sariin voi aina luottaa. h\u00e4n tekee sitke\u00e4sti ty\u00f6t\u00e4 koulutuksen ja tutkimuksen puolesta.\" <strong>Henna Virkkunen<\/strong><\/p>\n\n\n\n<p>\u201dSari kantaa suurta vastuuta siit\u00e4, ett\u00e4 monet meille t\u00e4rke\u00e4t asiat etenev\u00e4t eduskunnassa. Sari tapaa s\u00e4\u00e4nn\u00f6llisesti eri alojen toimijoita ja \u00e4\u00e4nest\u00e4ji\u00e4, tuoden heid\u00e4n viesti\u00e4\u00e4n eduskuntaty\u00f6h\u00f6n. Sarin sanaan voi aina luottaa.\" <strong>Lenita Toivakka<\/strong><\/p>\n\n\n\n<p>\u201dMielihyvin tuen Saria jatkamaan hyv\u00e4\u00e4 ty\u00f6t\u00e4\u00e4n kansanedustajana. Eduskunnassa tarvitsemme osaavia tekij\u00f6it\u00e4, jotka tekev\u00e4t ty\u00f6t\u00e4 suurella syd\u00e4mell\u00e4.\" <strong>Jaana Laitinen-Pesola<\/strong><\/p>\n","protected":false},"excerpt":{"rendered":"<p>\"Sariin voi aina luottaa.\" Paula Risikko \"Tunnen Sarin opiskeluajoista l\u00e4htien. Olen tehnyt Sarin kanssa yhteisty\u00f6t\u00e4 Helsingin politiikassa ja eduskunnassa sek\u00e4&nbsp; toiminut samassa hallituksessa ministerin\u00e4. Sari on aikaansaava vaikuttaja. Aalto- yliopiston perustaminen oli Sarin opetusministerikauden merkitt\u00e4vin metropolipolitiikan saavutus.\u201d Jan Vapaavuori \"Sariin voi aina luottaa. h\u00e4n tekee sitke\u00e4sti ty\u00f6t\u00e4 koulutuksen ja tutkimuksen puolesta.\" Henna Virkkunen \u201dSari kantaa <a href=\"https:\/\/www.sarisarkomaa.fi\/?page_id=84\" class=\"more-link\">...jatka lukemista<span class=\"screen-reader-text\"> \"Sarista sanottua\"<\/span><\/a><\/p>\n","protected":false},"author":1,"featured_media":7513,"parent":0,"menu_order":0,"comment_status":"closed","ping_status":"closed","template":"","meta":[],"_links":{"self":[{"href":"https:\/\/www.sarisarkomaa.fi\/index.php?rest_route=\/wp\/v2\/pages\/84"}],"collection":[{"href":"https:\/\/www.sarisarkomaa.fi\/index.php?rest_route=\/wp\/v2\/pages"}],"about":[{"href":"https:\/\/www.sarisarkomaa.fi\/index.php?rest_route=\/wp\/v2\/types\/page"}],"author":[{"embeddable":true,"href":"https:\/\/www.sarisarkomaa.fi\/index.php?rest_route=\/wp\/v2\/users\/1"}],"replies":[{"embeddable":true,"href":"https:\/\/www.sarisarkomaa.fi\/index.php?rest_route=%2Fwp%2Fv2%2Fcomments&post=84"}],"version-history":[{"count":9,"href":"https:\/\/www.sarisarkomaa.fi\/index.php?rest_route=\/wp\/v2\/pages\/84\/revisions"}],"predecessor-version":[{"id":12056,"href":"https:\/\/www.sarisarkomaa.fi\/index.php?rest_route=\/wp\/v2\/pages\/84\/revisions\/12056"}],"wp:featuredmedia":[{"embeddable":true,"href":"https:\/\/www.sarisarkomaa.fi\/index.php?rest_route=\/wp\/v2\/media\/7513"}],"wp:attachment":[{"href":"https:\/\/www.sarisarkomaa.fi\/index.php?rest_route=%2Fwp%2Fv2%2Fmedia&parent=84"}],"curies":[{"name":"wp","href":"https:\/\/api.w.org\/{rel}","templated":true}]}}